{"id":2,"date":"2025-10-12T03:33:39","date_gmt":"2025-10-12T03:33:39","guid":{"rendered":"http:\/\/www.cmcsabitbetonpompalari.com\/?page_id=2"},"modified":"2025-10-27T00:18:13","modified_gmt":"2025-10-27T00:18:13","slug":"beton-firmalari","status":"publish","type":"page","link":"http:\/\/www.cmcsabitbetonpompalari.com\/index.php\/beton-firmalari\/","title":{"rendered":"Beton Firmalar\u0131"},"content":{"rendered":"\n<p class=\"has-text-align-center\"><strong>Sat\u0131\u015f\u0131n\u0131 ger\u00e7ekle\u015ftirdi\u011fimiz beton \u00fcr\u00fcnlerinin markalar\u0131<\/strong><\/p>\n\n\n\n<p><br><strong>\u00d6ZSE\u00c7 BETON<\/strong><\/p>\n\n\n\n<figure class=\"wp-block-image size-large is-resized\"><img loading=\"lazy\" decoding=\"async\" width=\"1024\" height=\"564\" src=\"http:\/\/www.cmcsabitbetonpompalari.com\/wp-content\/uploads\/2025\/10\/ozsec-1-1024x564.png\" alt=\"\" class=\"wp-image-135\" style=\"width:352px;height:auto\" srcset=\"http:\/\/www.cmcsabitbetonpompalari.com\/wp-content\/uploads\/2025\/10\/ozsec-1-1024x564.png 1024w, http:\/\/www.cmcsabitbetonpompalari.com\/wp-content\/uploads\/2025\/10\/ozsec-1-300x165.png 300w, http:\/\/www.cmcsabitbetonpompalari.com\/wp-content\/uploads\/2025\/10\/ozsec-1-768x423.png 768w, http:\/\/www.cmcsabitbetonpompalari.com\/wp-content\/uploads\/2025\/10\/ozsec-1-1536x846.png 1536w, http:\/\/www.cmcsabitbetonpompalari.com\/wp-content\/uploads\/2025\/10\/ozsec-1.png 1629w\" sizes=\"auto, (max-width: 1024px) 100vw, 1024px\" \/><\/figure>\n\n\n\n<p><strong>BO\u011eAZ\u0130\u00c7\u0130 BETON<\/strong><\/p>\n\n\n\n<figure class=\"wp-block-image size-full is-resized\"><img loading=\"lazy\" decoding=\"async\" width=\"1024\" height=\"178\" src=\"http:\/\/www.cmcsabitbetonpompalari.com\/wp-content\/uploads\/2025\/10\/BogaziciBeton-2.png\" alt=\"\" class=\"wp-image-137\" style=\"width:408px;height:auto\" srcset=\"http:\/\/www.cmcsabitbetonpompalari.com\/wp-content\/uploads\/2025\/10\/BogaziciBeton-2.png 1024w, http:\/\/www.cmcsabitbetonpompalari.com\/wp-content\/uploads\/2025\/10\/BogaziciBeton-2-300x52.png 300w, http:\/\/www.cmcsabitbetonpompalari.com\/wp-content\/uploads\/2025\/10\/BogaziciBeton-2-768x134.png 768w\" sizes=\"auto, (max-width: 1024px) 100vw, 1024px\" \/><\/figure>\n\n\n\n<p><strong>OYAK BETON<\/strong><\/p>\n\n\n\n<figure class=\"wp-block-image size-full is-resized\"><img loading=\"lazy\" decoding=\"async\" width=\"500\" height=\"271\" src=\"http:\/\/www.cmcsabitbetonpompalari.com\/wp-content\/uploads\/2025\/10\/oyak-1.png\" alt=\"\" class=\"wp-image-138\" style=\"width:408px;height:auto\" srcset=\"http:\/\/www.cmcsabitbetonpompalari.com\/wp-content\/uploads\/2025\/10\/oyak-1.png 500w, http:\/\/www.cmcsabitbetonpompalari.com\/wp-content\/uploads\/2025\/10\/oyak-1-300x163.png 300w\" sizes=\"auto, (max-width: 500px) 100vw, 500px\" \/><\/figure>\n\n\n\n<p><strong>KARABAYIR BETON<\/strong><\/p>\n\n\n\n<figure class=\"wp-block-image size-full is-resized\"><img loading=\"lazy\" decoding=\"async\" width=\"255\" height=\"198\" src=\"http:\/\/www.cmcsabitbetonpompalari.com\/wp-content\/uploads\/2025\/10\/karabayir-1.png\" alt=\"\" class=\"wp-image-139\" style=\"width:390px;height:auto\"\/><\/figure>\n","protected":false},"excerpt":{"rendered":"<p>Sat\u0131\u015f\u0131n\u0131 ger\u00e7ekle\u015ftirdi\u011fimiz beton \u00fcr\u00fcnlerinin markalar\u0131 \u00d6ZSE\u00c7 BETON BO\u011eAZ\u0130\u00c7\u0130 BETON OYAK BETON KARABAYIR BETON<\/p>\n","protected":false},"author":1,"featured_media":0,"parent":0,"menu_order":0,"comment_status":"closed","ping_status":"open","template":"","meta":{"om_disable_all_campaigns":false,"_monsterinsights_skip_tracking":false,"_monsterinsights_sitenote_active":false,"_monsterinsights_sitenote_note":"","_monsterinsights_sitenote_category":0,"ngg_post_thumbnail":0,"footnotes":""},"class_list":["post-2","page","type-page","status-publish","hentry"],"aioseo_notices":[],"_links":{"self":[{"href":"http:\/\/www.cmcsabitbetonpompalari.com\/index.php\/wp-json\/wp\/v2\/pages\/2","targetHints":{"allow":["GET"]}}],"collection":[{"href":"http:\/\/www.cmcsabitbetonpompalari.com\/index.php\/wp-json\/wp\/v2\/pages"}],"about":[{"href":"http:\/\/www.cmcsabitbetonpompalari.com\/index.php\/wp-json\/wp\/v2\/types\/page"}],"author":[{"embeddable":true,"href":"http:\/\/www.cmcsabitbetonpompalari.com\/index.php\/wp-json\/wp\/v2\/users\/1"}],"replies":[{"embeddable":true,"href":"http:\/\/www.cmcsabitbetonpompalari.com\/index.php\/wp-json\/wp\/v2\/comments?post=2"}],"version-history":[{"count":2,"href":"http:\/\/www.cmcsabitbetonpompalari.com\/index.php\/wp-json\/wp\/v2\/pages\/2\/revisions"}],"predecessor-version":[{"id":140,"href":"http:\/\/www.cmcsabitbetonpompalari.com\/index.php\/wp-json\/wp\/v2\/pages\/2\/revisions\/140"}],"wp:attachment":[{"href":"http:\/\/www.cmcsabitbetonpompalari.com\/index.php\/wp-json\/wp\/v2\/media?parent=2"}],"curies":[{"name":"wp","href":"https:\/\/api.w.org\/{rel}","templated":true}]}}